{"id":2134,"date":"2019-03-21T13:24:36","date_gmt":"2019-03-21T13:24:36","guid":{"rendered":"http:\/\/tech4health.unibs.it\/?page_id=2134"},"modified":"2025-02-02T17:52:09","modified_gmt":"2025-02-02T16:52:09","slug":"casas-oscar","status":"publish","type":"page","link":"https:\/\/tech4health.unibs.it\/index.php\/people\/casas-oscar\/","title":{"rendered":"CASAS Oscar"},"content":{"rendered":"<p><strong>BIO<img loading=\"lazy\" decoding=\"async\" class=\"size-full wp-image-2136 alignright\" src=\"http:\/\/tech4health.unibs.it\/wp-content\/uploads\/2019\/03\/Oscar-Casas.jpg\" alt=\"\" width=\"225\" height=\"300\" srcset=\"https:\/\/tech4health.unibs.it\/wp-content\/uploads\/2019\/03\/Oscar-Casas.jpg 225w, https:\/\/tech4health.unibs.it\/wp-content\/uploads\/2019\/03\/Oscar-Casas-56x75.jpg 56w\" sizes=\"auto, (max-width: 225px) 100vw, 225px\" \/><\/strong><\/p>\n<p>Oscar Casas received the Ingeniero de Telecomunicaci\u00f3n and Doctor Ingeniero de Telecomunicaci\u00f3n degrees from the Universitat Polit\u00e8cnica de Catalunya (UPC), Barcelona, Spain, in 1994 and 1998, respectively. He is an Associate Professor of Electronic Engineering, UPC and teaches courses in several areas of electronic instrumentation.<\/p>\n<p><strong>RESEARCH FIELD<\/strong><\/p>\n<p>His research includes sensor interfaces, autonomous sensors, electronic instrumentation, noninvasive physiological measurements and sensors based on electrical impedance measurements.<\/p>\n<p><strong>INFO AND CONTACTS <a href=\"https:\/\/www.linkedin.com\/in\/j-oscar-casas-piedrafita-52765a3a\/?originalSubdomain=es\"><i class=\"fa fa-linkedin-square linkedinColor\"><\/i><\/a><\/strong><\/p>\n<p>Email: <a href=\"mailto:jaime.oscar.casas@upc.edu\" target=\"_blank\" rel=\"noopener noreferrer\">jaime.oscar.casas@upc.edu<\/a><br \/>\n<a href=\"https:\/\/futur.upc.edu\/JaimeOscarCasasPiedrafita\" target=\"_blank\" rel=\"noopener noreferrer\">Full contacts<\/a><br \/>\n<a href=\"https:\/\/scholar.google.es\/citations?user=JQGLmNwAAAAJ&amp;hl=en&amp;oe=ASCII\" target=\"_blank\" rel=\"noopener noreferrer\">Link to publication list<\/a><\/p>\n<div class=\"phdImageContainer\"><\/div>\n","protected":false},"excerpt":{"rendered":"<p>BIO Oscar Casas received the Ingeniero de Telecomunicaci\u00f3n and Doctor Ingeniero de Telecomunicaci\u00f3n degrees from the Universitat Polit\u00e8cnica de Catalunya (UPC), Barcelona, Spain, in 1994 and 1998, respectively. He is an Associate Professor of Electronic Engineering, UPC and teaches courses in several areas of electronic instrumentation. RESEARCH FIELD His research includes sensor interfaces, autonomous sensors,&#8230;<\/p>\n","protected":false},"author":10,"featured_media":2136,"parent":515,"menu_order":0,"comment_status":"closed","ping_status":"closed","template":"","meta":{"footnotes":""},"class_list":["post-2134","page","type-page","status-publish","has-post-thumbnail","hentry"],"_links":{"self":[{"href":"https:\/\/tech4health.unibs.it\/index.php\/wp-json\/wp\/v2\/pages\/2134","targetHints":{"allow":["GET"]}}],"collection":[{"href":"https:\/\/tech4health.unibs.it\/index.php\/wp-json\/wp\/v2\/pages"}],"about":[{"href":"https:\/\/tech4health.unibs.it\/index.php\/wp-json\/wp\/v2\/types\/page"}],"author":[{"embeddable":true,"href":"https:\/\/tech4health.unibs.it\/index.php\/wp-json\/wp\/v2\/users\/10"}],"replies":[{"embeddable":true,"href":"https:\/\/tech4health.unibs.it\/index.php\/wp-json\/wp\/v2\/comments?post=2134"}],"version-history":[{"count":6,"href":"https:\/\/tech4health.unibs.it\/index.php\/wp-json\/wp\/v2\/pages\/2134\/revisions"}],"predecessor-version":[{"id":4572,"href":"https:\/\/tech4health.unibs.it\/index.php\/wp-json\/wp\/v2\/pages\/2134\/revisions\/4572"}],"up":[{"embeddable":true,"href":"https:\/\/tech4health.unibs.it\/index.php\/wp-json\/wp\/v2\/pages\/515"}],"wp:featuredmedia":[{"embeddable":true,"href":"https:\/\/tech4health.unibs.it\/index.php\/wp-json\/wp\/v2\/media\/2136"}],"wp:attachment":[{"href":"https:\/\/tech4health.unibs.it\/index.php\/wp-json\/wp\/v2\/media?parent=2134"}],"curies":[{"name":"wp","href":"https:\/\/api.w.org\/{rel}","templated":true}]}}